{"id":1151,"date":"2025-05-09T15:03:29","date_gmt":"2025-05-09T13:03:29","guid":{"rendered":"http:\/\/koyebanatv.com\/?page_id=1151"},"modified":"2025-11-04T13:22:57","modified_gmt":"2025-11-04T12:22:57","slug":"nous-contacter-2","status":"publish","type":"page","link":"https:\/\/koyebanatv.com\/index.php\/nous-contacter-2\/","title":{"rendered":"Nous Contacter"},"content":{"rendered":"\n<div class=\"wp-block-uagb-container uag-hide-tab uag-hide-mob uagb-block-10c5e765 alignfull uagb-is-root-container\"><div class=\"uagb-container-inner-blocks-wrap\">\n<div data-aos= \"fade-up\" data-aos-duration=\"400\" data-aos-delay=\"0\" data-aos-easing=\"ease\" data-aos-once=\"true\" class=\"wp-block-uagb-info-box uagb-block-174fd325 uagb-infobox__content-wrap  uagb-infobox-icon-above-title uagb-infobox-image-valign-top wp-block-uagb-info-box--has-margin\"><div class=\"uagb-infobox-margin-wrapper\"><div class=\"uagb-ifb-content\"><div class=\"uagb-ifb-title-wrap\"><h1 class=\"uagb-ifb-title-prefix\">Contact<\/h1><h3 class=\"uagb-ifb-title\">Une question ? Une id\u00e9e ? Envie de collaborer avec nous ?<br>Que vous soyez une association, une entreprise \u00e0 impact ou un porteur de projet, nous sommes \u00e0 votre \u00e9coute.<br>N\u2019h\u00e9sitez pas \u00e0 nous \u00e9crire ou \u00e0 passer nous voir : chaque rencontre est une opportunit\u00e9 de faire na\u00eetre quelque chose de grand.<\/h3><\/div><\/div><\/div><\/div>\n<\/div><\/div>\n\n\n\n<div class=\"wp-block-uagb-container uag-hide-desktop uagb-block-5cbb542a alignfull uagb-is-root-container\"><div class=\"uagb-container-inner-blocks-wrap\">\n<div class=\"wp-block-columns is-not-stacked-on-mobile is-layout-flex wp-container-core-columns-is-layout-28f84493 wp-block-columns-is-layout-flex\">\n<div class=\"wp-block-column is-layout-flow wp-block-column-is-layout-flow\" style=\"flex-basis:66.66%\"><\/div>\n<\/div>\n\n\n\n<div data-aos= \"fade-up\" data-aos-duration=\"400\" data-aos-delay=\"0\" data-aos-easing=\"ease\" data-aos-once=\"true\" class=\"wp-block-uagb-info-box uagb-block-de73ac33 uagb-infobox__content-wrap  uagb-infobox-icon-above-title uagb-infobox-image-valign-top wp-block-uagb-info-box--has-margin\"><div class=\"uagb-infobox-margin-wrapper\"><div class=\"uagb-ifb-content\"><div class=\"uagb-ifb-title-wrap\"><h1 class=\"uagb-ifb-title-prefix\">Contact<\/h1><h3 class=\"uagb-ifb-title\">Une question ? Une id\u00e9e ? Envie de collaborer avec nous ?<br>Que vous soyez une association, une entreprise \u00e0 impact ou un porteur de projet, nous sommes \u00e0 votre \u00e9coute.<br>N\u2019h\u00e9sitez pas \u00e0 nous \u00e9crire ou \u00e0 passer nous voir : chaque rencontre est une opportunit\u00e9 de faire na\u00eetre quelque chose de grand.<\/h3><\/div><\/div><\/div><\/div>\n<\/div><\/div>\n\n\n\n<div class=\"wp-block-uagb-container uag-hide-tab uag-hide-mob uagb-block-07ffb34c alignfull uagb-is-root-container\"><div class=\"uagb-container-inner-blocks-wrap\">\n<div class=\"wp-block-uagb-container uag-hide-tab uag-hide-mob uagb-block-d9945dfa\">\n<div data-aos= \"fade-up\" data-aos-duration=\"400\" data-aos-delay=\"0\" data-aos-easing=\"ease\" data-aos-once=\"true\" class=\"wp-block-uagb-info-box uagb-block-d065597f uagb-infobox__content-wrap  uagb-infobox-icon-above-title uagb-infobox-image-valign-top wp-block-uagb-info-box--has-margin\" id=\"call\"><div class=\"uagb-infobox-margin-wrapper\"><div class=\"uagb-ifb-content\"><div class=\"uagb-ifb-title-wrap\"><h2 class=\"uagb-ifb-title-prefix\">Demandes Presse et Partenariats<\/h2><div class=\"uagb-ifb-separator\"><\/div><h5 class=\"uagb-ifb-title\">Vous \u00eates journaliste, professionnel\u00b7le des m\u00e9dias ou repr\u00e9sentant\u00b7e d\u2019une organisation int\u00e9ress\u00e9e par une collaboration ?<br>Notre \u00e9quipe est disponible pour toute demande d\u2019interview, de dossier de presse, ou de partenariat strat\u00e9gique.<br>Ensemble, explorons les opportunit\u00e9s de mettre en lumi\u00e8re des projets qui font sens.<\/h5><\/div><\/div><\/div><\/div>\n\n\n<div class=\"everest-forms\"><div class=\"evf-container default\" id=\"evf-1160\"><form id=\"evf-form-1160\" class=\"everest-form\" data-formid=\"1160\" data-ajax_submission=\"0\" data-keyboard_friendly_form=\"0\" data-form_state_type=\"\" method=\"post\" enctype=\"multipart\/form-data\" action=\"\/index.php\/wp-json\/wp\/v2\/pages\/1151\"><div class=\"evf-field-container\"><input type=\"hidden\" id=\"_wpnonce1160\" name=\"_wpnonce1160\" value=\"7d71c1d4dc\" \/><input type=\"hidden\" name=\"_wp_http_referer\" value=\"\/index.php\/wp-json\/wp\/v2\/pages\/1151\" \/><div class=\"evf-frontend-row\" data-row=\"row_1\" conditional_rules=\"[]\"><div class=\"evf-frontend-grid evf-grid-1\" data-grid=\"grid_1\"><div id=\"evf-1160-field_ys0GeZISRs-1-container\" class=\"evf-field evf-field-first-name form-row ffffff validate-required\" data-required-field-message=\"Ce champ est n\u00e9cessaire.\" data-field-id=\"ys0GeZISRs-1\"><label class=\"evf-field-label evf-label-hide\" for=\"evf-1160-field_ys0GeZISRs-1\"><span class=\"evf-label\">Pr\u00e9nom<\/span> <abbr class=\"required\" title=\"N\u00e9cessaire\">*<\/abbr><\/label><input type=\"text\" id=\"evf-1160-field_ys0GeZISRs-1\" class=\"input-text\" name=\"everest_forms[form_fields][ys0GeZISRs-1]\" value=\"Pr\u00e9nom\" placeholder=\"Votre pr\u00e9nom\" required><\/div><div id=\"evf-1160-field_LbH5NxasXM-2-container\" class=\"evf-field evf-field-email form-row ffffff validate-required validate-email\" data-required-field-message=\"Veuillez entrer une adresse e-mail valide.\" data-field-id=\"LbH5NxasXM-2\"><label class=\"evf-field-label evf-label-hide\" for=\"evf-1160-field_LbH5NxasXM-2\"><span class=\"evf-label\">Email<\/span> <abbr class=\"required\" title=\"N\u00e9cessaire\">*<\/abbr><\/label><input type=\"email\" id=\"evf-1160-field_LbH5NxasXM-2\" class=\"input-text\" name=\"everest_forms[form_fields][LbH5NxasXM-2]\" value=\"Email\" placeholder=\"Votre adresse email\" required ><\/div><div id=\"evf-1160-field_66FR384cge-3-container\" class=\"evf-field evf-field-text form-row ffffff\" data-field-id=\"66FR384cge-3\"><label class=\"evf-field-label evf-label-hide\" for=\"evf-1160-field_66FR384cge-3\"><span class=\"evf-label\">Sujet<\/span> <\/label><input type=\"text\" id=\"evf-1160-field_66FR384cge-3\" class=\"input-text\" name=\"everest_forms[form_fields][66FR384cge-3]\" placeholder=\"Votre sujet\" ><\/div><div id=\"evf-1160-field_yhGx3FOwr2-4-container\" class=\"evf-field evf-field-textarea form-row ffffff\" data-field-id=\"yhGx3FOwr2-4\"><label class=\"evf-field-label evf-label-hide\" for=\"evf-1160-field_yhGx3FOwr2-4\"><span class=\"evf-label\">Message<\/span> <\/label><textarea id=\"evf-1160-field_yhGx3FOwr2-4\" class=\"input-text\" name=\"everest_forms[form_fields][yhGx3FOwr2-4]\" placeholder=\"Votre message ici...\"  >Message<\/textarea><\/div><\/div><\/div><\/div><div class=\"evf-honeypot-container evf-field-hp\"><label for=\"evf-1160-field-hp\" class=\"evf-field-label\">Name<\/label><input type=\"text\" name=\"everest_forms[hp]\" id=\"evf-1160-field-hp\" class=\"input-text\"><\/div><div class=\"evf-submit-container \" ><input type=\"hidden\" name=\"everest_forms[id]\" value=\"1160\"><input type=\"hidden\" name=\"everest_forms[author]\" value=\"4\"><button type='submit' name='everest_forms[submit]' class='everest-forms-submit-button button evf-submit ' id='evf-submit-1160' value='evf-submit' data-process-text=\"En cours d&#039;envoie\u2026\" conditional_rules='&quot;&quot;' conditional_id='evf-submit-1160'  id=\"evf-submit-1160\" aria-live=\"assertive\">Soumettre<\/button><\/div><\/form><\/div><!-- .evf-container --><\/div>\n<\/div>\n<\/div><\/div>\n\n\n\n<div class=\"wp-block-uagb-container uagb-block-836c1e09 alignfull uagb-is-root-container\"><div class=\"uagb-container-inner-blocks-wrap\">\n<div class=\"wp-block-uagb-container uag-hide-desktop uagb-block-bf712ede\">\n<div data-aos= \"fade-up\" data-aos-duration=\"400\" data-aos-delay=\"0\" data-aos-easing=\"ease\" data-aos-once=\"true\" class=\"wp-block-uagb-info-box uagb-block-f0c4ab5e uagb-infobox__content-wrap  uagb-infobox-icon-above-title uagb-infobox-image-valign-top wp-block-uagb-info-box--has-margin\" id=\"call\"><div class=\"uagb-infobox-margin-wrapper\"><div class=\"uagb-ifb-content\"><div class=\"uagb-ifb-title-wrap\"><h2 class=\"uagb-ifb-title-prefix\">Demandes Presse et Partenariats<\/h2><div class=\"uagb-ifb-separator\"><\/div><h5 class=\"uagb-ifb-title\">Vous \u00eates journaliste, professionnel\u00b7le des m\u00e9dias ou repr\u00e9sentant\u00b7e d\u2019une organisation int\u00e9ress\u00e9e par une collaboration ?<br>Notre \u00e9quipe est disponible pour toute demande d\u2019interview, de dossier de presse, ou de partenariat strat\u00e9gique.<br>Ensemble, explorons les opportunit\u00e9s de mettre en lumi\u00e8re des projets qui ont du sens.<\/h5><\/div><\/div><\/div><\/div>\n\n\n<div class=\"everest-forms\"><div class=\"evf-container default\" id=\"evf-1160\"><form id=\"evf-form-1160\" class=\"everest-form\" data-formid=\"1160\" data-ajax_submission=\"0\" data-keyboard_friendly_form=\"0\" data-form_state_type=\"\" method=\"post\" enctype=\"multipart\/form-data\" action=\"\/index.php\/wp-json\/wp\/v2\/pages\/1151\"><div class=\"evf-field-container\"><input type=\"hidden\" id=\"_wpnonce1160\" name=\"_wpnonce1160\" value=\"7d71c1d4dc\" \/><input type=\"hidden\" name=\"_wp_http_referer\" value=\"\/index.php\/wp-json\/wp\/v2\/pages\/1151\" \/><div class=\"evf-frontend-row\" data-row=\"row_1\" conditional_rules=\"[]\"><div class=\"evf-frontend-grid evf-grid-1\" data-grid=\"grid_1\"><div id=\"evf-1160-field_ys0GeZISRs-1-container\" class=\"evf-field evf-field-first-name form-row ffffff validate-required\" data-required-field-message=\"Ce champ est n\u00e9cessaire.\" data-field-id=\"ys0GeZISRs-1\"><label class=\"evf-field-label evf-label-hide\" for=\"evf-1160-field_ys0GeZISRs-1\"><span class=\"evf-label\">Pr\u00e9nom<\/span> <abbr class=\"required\" title=\"N\u00e9cessaire\">*<\/abbr><\/label><input type=\"text\" id=\"evf-1160-field_ys0GeZISRs-1\" class=\"input-text\" name=\"everest_forms[form_fields][ys0GeZISRs-1]\" value=\"Pr\u00e9nom\" placeholder=\"Votre pr\u00e9nom\" required><\/div><div id=\"evf-1160-field_LbH5NxasXM-2-container\" class=\"evf-field evf-field-email form-row ffffff validate-required validate-email\" data-required-field-message=\"Veuillez entrer une adresse e-mail valide.\" data-field-id=\"LbH5NxasXM-2\"><label class=\"evf-field-label evf-label-hide\" for=\"evf-1160-field_LbH5NxasXM-2\"><span class=\"evf-label\">Email<\/span> <abbr class=\"required\" title=\"N\u00e9cessaire\">*<\/abbr><\/label><input type=\"email\" id=\"evf-1160-field_LbH5NxasXM-2\" class=\"input-text\" name=\"everest_forms[form_fields][LbH5NxasXM-2]\" value=\"Email\" placeholder=\"Votre adresse email\" required ><\/div><div id=\"evf-1160-field_66FR384cge-3-container\" class=\"evf-field evf-field-text form-row ffffff\" data-field-id=\"66FR384cge-3\"><label class=\"evf-field-label evf-label-hide\" for=\"evf-1160-field_66FR384cge-3\"><span class=\"evf-label\">Sujet<\/span> <\/label><input type=\"text\" id=\"evf-1160-field_66FR384cge-3\" class=\"input-text\" name=\"everest_forms[form_fields][66FR384cge-3]\" placeholder=\"Votre sujet\" ><\/div><div id=\"evf-1160-field_yhGx3FOwr2-4-container\" class=\"evf-field evf-field-textarea form-row ffffff\" data-field-id=\"yhGx3FOwr2-4\"><label class=\"evf-field-label evf-label-hide\" for=\"evf-1160-field_yhGx3FOwr2-4\"><span class=\"evf-label\">Message<\/span> <\/label><textarea id=\"evf-1160-field_yhGx3FOwr2-4\" class=\"input-text\" name=\"everest_forms[form_fields][yhGx3FOwr2-4]\" placeholder=\"Votre message ici...\"  >Message<\/textarea><\/div><\/div><\/div><\/div><div class=\"evf-honeypot-container evf-field-hp\"><label for=\"evf-1160-field-hp\" class=\"evf-field-label\">Name<\/label><input type=\"text\" name=\"everest_forms[hp]\" id=\"evf-1160-field-hp\" class=\"input-text\"><\/div><div class=\"evf-submit-container \" ><input type=\"hidden\" name=\"everest_forms[id]\" value=\"1160\"><input type=\"hidden\" name=\"everest_forms[author]\" value=\"4\"><button type='submit' name='everest_forms[submit]' class='everest-forms-submit-button button evf-submit ' id='evf-submit-1160' value='evf-submit' data-process-text=\"En cours d&#039;envoie\u2026\" conditional_rules='&quot;&quot;' conditional_id='evf-submit-1160'  id=\"evf-submit-1160\" aria-live=\"assertive\">Soumettre<\/button><\/div><\/form><\/div><!-- .evf-container --><\/div>\n<\/div>\n<\/div><\/div>\n\n\n\n<div class=\"wp-block-uagb-container uagb-block-0c2523aa alignfull uagb-is-root-container\"><div class=\"uagb-container-inner-blocks-wrap\">\n<div class=\"wp-block-uagb-container uagb-block-3302537b\">\n<div data-aos= \"fade-up\" data-aos-duration=\"400\" data-aos-delay=\"0\" data-aos-easing=\"ease\" data-aos-once=\"true\" class=\"wp-block-uagb-info-box uagb-block-60f46c42 uagb-infobox__content-wrap  uagb-infobox-icon-above-title uagb-infobox-image-valign-top wp-block-uagb-info-box--has-margin\"><div class=\"uagb-infobox-margin-wrapper\"><div class=\"uagb-ifb-content\"><div class=\"uagb-ifb-title-wrap\"><h5 class=\"uagb-ifb-title-prefix\">Envie de collaborer ?<\/h5><h1 class=\"uagb-ifb-title\">On Vous R\u00e9pond Avec Joie !<\/h1><\/div><p class=\"uagb-ifb-desc\">Une id\u00e9e ? Une question ? Une mission en t\u00eate ? \u00c9crivez-nous : on adore les nouvelles connexions.<\/p><div class=\"uagb-ifb-button-wrapper wp-block-button\"><a href=\"#call\" class=\"uagb-infobox-cta-link wp-block-button__link\" target=\"_self\" rel=\"noopener noreferrer\" onclick=\"return true;\"><svg xmlns=\"https:\/\/www.w3.org\/2000\/svg\" viewBox=\"0 0 512 512\"><path d=\"M160 416H96c-17.67 0-32-14.33-32-32V128c0-17.67 14.33-32 32-32h64c17.67 0 32-14.33 32-32S177.7 32 160 32H96C42.98 32 0 74.98 0 128v256c0 53.02 42.98 96 96 96h64c17.67 0 32-14.33 32-32S177.7 416 160 416zM502.6 233.4l-128-128c-12.51-12.51-32.76-12.49-45.25 0c-12.5 12.5-12.5 32.75 0 45.25L402.8 224H192C174.3 224 160 238.3 160 256s14.31 32 32 32h210.8l-73.38 73.38c-12.5 12.5-12.5 32.75 0 45.25s32.75 12.5 45.25 0l128-128C515.1 266.1 515.1 245.9 502.6 233.4z\"><\/path><\/svg><span class=\"uagb-inline-editing\">Nous contactez !<\/span><\/a><\/div><\/div><\/div><\/div>\n<\/div>\n<\/div><\/div>\n","protected":false},"excerpt":{"rendered":"","protected":false},"author":4,"featured_media":0,"parent":0,"menu_order":0,"comment_status":"closed","ping_status":"closed","template":"","meta":{"_uag_custom_page_level_css":"","_monsterinsights_skip_tracking":false,"_monsterinsights_sitenote_active":false,"_monsterinsights_sitenote_note":"","_monsterinsights_sitenote_category":0,"site-sidebar-layout":"no-sidebar","site-content-layout":"","ast-site-content-layout":"full-width-container","site-content-style":"default","site-sidebar-style":"default","ast-global-header-display":"","ast-banner-title-visibility":"","ast-main-header-display":"","ast-hfb-above-header-display":"","ast-hfb-below-header-display":"","ast-hfb-mobile-header-display":"","site-post-title":"disabled","ast-breadcrumbs-content":"","ast-featured-img":"","footer-sml-layout":"","theme-transparent-header-meta":"enabled","adv-header-id-meta":"","stick-header-meta":"","header-above-stick-meta":"","header-main-stick-meta":"","header-below-stick-meta":"","astra-migrate-meta-layouts":"set","ast-page-background-enabled":"default","ast-page-background-meta":{"desktop":{"background-color":"var(--ast-global-color-4)","background-image":"","background-repeat":"repeat","background-position":"center center","background-size":"auto","background-attachment":"scroll","background-type":"","background-media":"","overlay-type":"","overlay-color":"","overlay-opacity":"","overlay-gradient":""},"tablet":{"background-color":"","background-image":"","background-repeat":"repeat","background-position":"center center","background-size":"auto","background-attachment":"scroll","background-type":"","background-media":"","overlay-type":"","overlay-color":"","overlay-opacity":"","overlay-gradient":""},"mobile":{"background-color":"","background-image":"","background-repeat":"repeat","background-position":"center center","background-size":"auto","background-attachment":"scroll","background-type":"","background-media":"","overlay-type":"","overlay-color":"","overlay-opacity":"","overlay-gradient":""}},"ast-content-background-meta":{"desktop":{"background-color":"var(--ast-global-color-5)","background-image":"","background-repeat":"repeat","background-position":"center center","background-size":"auto","background-attachment":"scroll","background-type":"","background-media":"","overlay-type":"","overlay-color":"","overlay-opacity":"","overlay-gradient":""},"tablet":{"background-color":"var(--ast-global-color-5)","background-image":"","background-repeat":"repeat","background-position":"center center","background-size":"auto","background-attachment":"scroll","background-type":"","background-media":"","overlay-type":"","overlay-color":"","overlay-opacity":"","overlay-gradient":""},"mobile":{"background-color":"var(--ast-global-color-5)","background-image":"","background-repeat":"repeat","background-position":"center center","background-size":"auto","background-attachment":"scroll","background-type":"","background-media":"","overlay-type":"","overlay-color":"","overlay-opacity":"","overlay-gradient":""}},"_price":"","_stock":"","_tribe_ticket_header":"","_tribe_default_ticket_provider":"","_tribe_ticket_capacity":"0","_ticket_start_date":"","_ticket_end_date":"","_tribe_ticket_show_description":"","_tribe_ticket_show_not_going":false,"_tribe_ticket_use_global_stock":"","_tribe_ticket_global_stock_level":"","_global_stock_mode":"","_global_stock_cap":"","_tribe_rsvp_for_event":"","_tribe_ticket_going_count":"","_tribe_ticket_not_going_count":"","_tribe_tickets_list":"[]","_tribe_ticket_has_attendee_info_fields":false,"footnotes":"","_tec_slr_enabled":"","_tec_slr_layout":""},"class_list":["post-1151","page","type-page","status-publish","hentry"],"uagb_featured_image_src":{"full":false,"thumbnail":false,"medium":false,"medium_large":false,"large":false,"1536x1536":false,"2048x2048":false},"uagb_author_info":{"display_name":"Sidinyid\u00e9 OUEDRAOGO","author_link":"https:\/\/koyebanatv.com\/author\/sebastien\/"},"uagb_comment_info":0,"uagb_excerpt":null,"ticketed":false,"_links":{"self":[{"href":"https:\/\/koyebanatv.com\/index.php\/wp-json\/wp\/v2\/pages\/1151","targetHints":{"allow":["GET"]}}],"collection":[{"href":"https:\/\/koyebanatv.com\/index.php\/wp-json\/wp\/v2\/pages"}],"about":[{"href":"https:\/\/koyebanatv.com\/index.php\/wp-json\/wp\/v2\/types\/page"}],"author":[{"embeddable":true,"href":"https:\/\/koyebanatv.com\/index.php\/wp-json\/wp\/v2\/users\/4"}],"replies":[{"embeddable":true,"href":"https:\/\/koyebanatv.com\/index.php\/wp-json\/wp\/v2\/comments?post=1151"}],"version-history":[{"count":71,"href":"https:\/\/koyebanatv.com\/index.php\/wp-json\/wp\/v2\/pages\/1151\/revisions"}],"predecessor-version":[{"id":1630,"href":"https:\/\/koyebanatv.com\/index.php\/wp-json\/wp\/v2\/pages\/1151\/revisions\/1630"}],"wp:attachment":[{"href":"https:\/\/koyebanatv.com\/index.php\/wp-json\/wp\/v2\/media?parent=1151"}],"curies":[{"name":"wp","href":"https:\/\/api.w.org\/{rel}","templated":true}]}}